{"id":5241,"date":"2020-04-08T16:50:52","date_gmt":"2020-04-08T16:50:52","guid":{"rendered":"https:\/\/medwell.pt\/politica-de-privacidade\/"},"modified":"2021-02-15T10:23:43","modified_gmt":"2021-02-15T10:23:43","slug":"privacy-policy","status":"publish","type":"page","link":"https:\/\/medwell.pt\/en\/privacy-policy\/","title":{"rendered":"Privacy Policy"},"content":{"rendered":"<p>[et_pb_section fb_built=&#8221;1&#8243; _builder_version=&#8221;4.4.9&#8243; custom_padding=&#8221;0px||80px|||&#8221;][et_pb_row custom_padding_last_edited=&#8221;on|phone&#8221; module_class=&#8221;generic-row header-pags&#8221; _builder_version=&#8221;4.7.0&#8243; custom_margin=&#8221;||||false|false&#8221; custom_padding=&#8221;50px||30px||false|false&#8221; custom_padding_tablet=&#8221;40px||25px||false|false&#8221; custom_padding_phone=&#8221;40px||20px||false|false&#8221; saved_tabs=&#8221;all&#8221;][et_pb_column type=&#8221;4_4&#8243; _builder_version=&#8221;4.7.0&#8243; background_image=&#8221;https:\/\/medwell.pt\/wp-content\/uploads\/2021\/01\/VIO_3_2253_c_0_0_k_1920px.jpg&#8221;][et_pb_text module_class=&#8221;heading-linha&#8221; _builder_version=&#8221;4.7.0&#8243; _dynamic_attributes=&#8221;content&#8221; text_font=&#8221;|700||on|||||&#8221; text_text_color=&#8221;#565656&#8243; text_font_size=&#8221;28px&#8221; text_letter_spacing=&#8221;1px&#8221; text_line_height=&#8221;1.3em&#8221; header_font=&#8221;Raleway||||||||&#8221; header_line_height=&#8221;1.1em&#8221; custom_margin=&#8221;||||false|false&#8221; custom_padding=&#8221;||10px||false|false&#8221; custom_padding_tablet=&#8221;||0px||false|false&#8221; custom_padding_phone=&#8221;&#8221; custom_padding_last_edited=&#8221;on|phone&#8221; text_font_size_tablet=&#8221;28px&#8221; text_font_size_phone=&#8221;25px&#8221; text_font_size_last_edited=&#8221;on|phone&#8221;]@ET-DC@eyJkeW5hbWljIjp0cnVlLCJjb250ZW50IjoicG9zdF90aXRsZSIsInNldHRpbmdzIjp7ImJlZm9yZSI6IiIsImFmdGVyIjoiIn19@[\/et_pb_text][\/et_pb_column][\/et_pb_row][et_pb_row module_class=&#8221;generic-row&#8221; _builder_version=&#8221;4.5.2&#8243; custom_margin=&#8221;|auto|1px|auto||&#8221; custom_padding=&#8221;0px||0px|||&#8221;][et_pb_column type=&#8221;4_4&#8243; _builder_version=&#8221;4.4.9&#8243;][et_pb_text _builder_version=&#8221;4.7.0&#8243; header_4_line_height=&#8221;1.4em&#8221; max_width=&#8221;900px&#8221; custom_margin=&#8221;||1px|||&#8221;]<\/p>\n<p>Todas as suas informa\u00e7\u00f5es pessoais recolhidas, ser\u00e3o usadas para o ajudar a tornar a sua visita no nosso site o mais produtiva e agrad\u00e1vel poss\u00edvel.<br \/> A garantia da confidencialidade dos dados pessoais dos utilizadores do nosso site \u00e9 importante para a <strong>medWELL<\/strong>.<br \/> Usamos a sua informa\u00e7\u00e3o para suportar e melhorar a nossa rela\u00e7\u00e3o consigo, como por exemplo, para proporcionar-lhe apoio personalizado e partilhar consigo informa\u00e7\u00f5es sobre novos produtos, servi\u00e7os e ofertas.<\/p>\n<p>A\u00a0<strong>medWELL<\/strong>\u00a0na qualidade de propriet\u00e1rio do dom\u00ednio <b>www.medwell.pt<\/b>\u00a0\u00e9 respons\u00e1vel pelo tratamento de ficheiros autom\u00e1ticos gerados por\u00a0<strong>DOM\u00cdNIO<\/strong>\u00a0e garante a integridade e cumprimento integral da legisla\u00e7\u00e3o aplic\u00e1vel nomeadamente do disposto na Lei n.\u00ba 67\/98 de 26 de Outubro (Lei da Protec\u00e7\u00e3o de Dados Pessoais), na vers\u00e3o em vigor ou na vers\u00e3o que venha a suceder.<\/p>\n<p>O uso do <b>www.medwell.pt<\/b>\u00a0pressup\u00f5e a aceita\u00e7\u00e3o desta POLITICA DE PRIVACIDADE. a\u00a0Saboeiro\u00a0reserva-se ao direito de alterar os termos da POLITICA DE PRIVACIDADE sem aviso pr\u00e9vio. Deste modo, recomendamos que consulte a nossa pol\u00edtica de privacidade com regularidade de forma a estar sempre atualizado.<\/p>\n<p>O seu direito \u00e0 privacidade e seguran\u00e7a dos dados \u00e9 uma preocupa\u00e7\u00e3o priorit\u00e1ria. \u00c9 por isso que, quando visita o nosso Web site, n\u00f3s ajudamo-lo a manter o controlo sobre a sua informa\u00e7\u00e3o pessoal.<\/p>\n<p>Em algumas \u00e1reas do nosso Web site, pedimos-lhe que nos faculte informa\u00e7\u00e3o que nos vai permitir melhorar a sua experi\u00eancia no Web site, ajud\u00e1-lo em quest\u00f5es relacionadas com a comercializa\u00e7\u00e3o dos nossos produtos ou mantermos o contacto consigo ap\u00f3s a sua visita. A sua participa\u00e7\u00e3o \u00e9\u00a0opcional. Por exemplo, requisitamos informa\u00e7\u00e3o quando o cliente:<\/p>\n<ul>\n<li>Nos envia um formul\u00e1rio de marca\u00e7\u00e3o ou pedido de informa\u00e7\u00e3o<\/li>\n<\/ul>\n<p>Na situa\u00e7\u00e3o descrita acima, pedimos o seu nome, endere\u00e7o de e-mail, n\u00famero de telefone, bem como outras informa\u00e7\u00f5es similares para podermos retomar o contacto e encaminhar o pedido. Se requisitarmos informa\u00e7\u00e3o significativamente diferente, iremos inform\u00e1-lo.<\/p>\n<p>Os dados pessoais recolhidos s\u00e3o utilizados apenas para contacto directo no sentido de responder ao pedido e informa\u00e7\u00e3o ou marca\u00e7\u00e3o.<\/p>\n<p>A <b>medWELL<\/b>\u00a0tem plena consci\u00eancia da utiliza\u00e7\u00e3o e tratamento a ser dado aos dados pessoais dos utilizadores, que possam ser requeridos ou que possam ser obtidos atrav\u00e9s do site\u00a0<strong>SITE<\/strong>\u00a0exclusivamente com o objectivo de gerir os servi\u00e7os oferecidos ou para envio de comunica\u00e7\u00e3o comercial de produtos ou servi\u00e7os, que possam ser do seu interesse.<\/p>\n<p>A <b>medWELL<\/b>\u00a0adopta todas as medidas t\u00e9cnicas e organizacionais necess\u00e1rias para garantir a seguran\u00e7a dos dados pessoais e evitar a sua altera\u00e7\u00e3o, perda ou acesso n\u00e3o autorizado, tendo em conta o estado da tecnologia, em conformidade com as disposi\u00e7\u00f5es da legisla\u00e7\u00e3o aplic\u00e1vel.<\/p>\n<p><strong>Personaliza\u00e7\u00e3o<\/strong><\/p>\n<p>Na Internet existem tecnologias que nos ajudam a oferecer uma experi\u00eancia personalizada aos visitantes. O nosso Web site, usa maioritariamente \u201ccookies\u201d para determinar que informa\u00e7\u00e3o de servi\u00e7o e suporte \u00e9 apropriada para o seu computador e para manter a sua experi\u00eancia de compra na nossa loja on-line.\u00a0 O cookie \u00e9 um pequeno arquivo de texto que o servidor pode guardar no disco r\u00edgido do computador para armazenar algum tipo de informa\u00e7\u00e3o sobre o utilizador. O cookie s\u00f3 pode ser lido pelo site que o enviou. N\u00e3o \u00e9 um arquivo execut\u00e1vel nem pode propagar ou conter um v\u00edrus.\u00a0 O uso que fazemos dos \u201ccookies\u201d est\u00e1 pensado apenas para lhe proporcionar uma melhor experi\u00eancia quando usar o site <b>www.medwell.pt<\/b>\u00a0e n\u00e3o significa que automaticamente saibamos informa\u00e7\u00e3o sua. A <b>medWELL<\/b>\u00a0n\u00e3o tem qualquer desejo ou interesse em infringir a sua privacidade enquanto utiliza o nosso Web site.<\/p>\n<p>O utilizador det\u00e9m o poder de configurar ou desligar os seus cookies, nas op\u00e7\u00f5es do seu browser, ou efetuando altera\u00e7\u00f5es nas ferramentas de programas Anti-Virus. No entanto, isso poder\u00e1 alterar a forma como interage com o nosso website, ou outros websites. Poder\u00e1 afetar ou n\u00e3o permitir que fa\u00e7a logins em programas, sites, etc.<\/p>\n<p>O utilizador poder\u00e1 exercer o seu direito de acesso, cancelamento, rectifica\u00e7\u00e3o e oposi\u00e7\u00e3o, mediante comunica\u00e7\u00e3o por escrito, para <b>geral@medwell.pt<\/b>\u00a0ou para a morada Av\u00aa do Atl\u00e2ntico 16 &#8211; 7\u00ba Escrit\u00f3rio 07.01, 1990-019 Lisboa.\u00a0<\/p>\n<p>&nbsp;<\/p>\n<p>&nbsp;<\/p>\n<p class=\"p3\"><span>\u00a0<\/span><\/p>\n<p>[\/et_pb_text][\/et_pb_column][\/et_pb_row][\/et_pb_section]<\/p>\n","protected":false},"excerpt":{"rendered":"<p>[et_pb_section fb_built=&#8221;1&#8243; _builder_version=&#8221;4.4.9&#8243; custom_padding=&#8221;0px||80px|||&#8221;][et_pb_row custom_padding_last_edited=&#8221;on|phone&#8221; module_class=&#8221;generic-row header-pags&#8221; _builder_version=&#8221;4.7.0&#8243; custom_margin=&#8221;||||false|false&#8221; custom_padding=&#8221;50px||30px||false|false&#8221; custom_padding_tablet=&#8221;40px||25px||false|false&#8221; custom_padding_phone=&#8221;40px||20px||false|false&#8221; saved_tabs=&#8221;all&#8221;][et_pb_column type=&#8221;4_4&#8243; _builder_version=&#8221;4.7.0&#8243; background_image=&#8221;https:\/\/medwell.pt\/wp-content\/uploads\/2021\/01\/VIO_3_2253_c_0_0_k_1920px.jpg&#8221;][et_pb_text module_class=&#8221;heading-linha&#8221; _builder_version=&#8221;4.7.0&#8243; _dynamic_attributes=&#8221;content&#8221; text_font=&#8221;|700||on|||||&#8221; text_text_color=&#8221;#565656&#8243; text_font_size=&#8221;28px&#8221; text_letter_spacing=&#8221;1px&#8221; text_line_height=&#8221;1.3em&#8221; header_font=&#8221;Raleway||||||||&#8221; header_line_height=&#8221;1.1em&#8221; custom_margin=&#8221;||||false|false&#8221; custom_padding=&#8221;||10px||false|false&#8221; custom_padding_tablet=&#8221;||0px||false|false&#8221; custom_padding_phone=&#8221;&#8221; custom_padding_last_edited=&#8221;on|phone&#8221; text_font_size_tablet=&#8221;28px&#8221; text_font_size_phone=&#8221;25px&#8221; text_font_size_last_edited=&#8221;on|phone&#8221;]@ET-DC@eyJkeW5hbWljIjp0cnVlLCJjb250ZW50IjoicG9zdF90aXRsZSIsInNldHRpbmdzIjp7ImJlZm9yZSI6IiIsImFmdGVyIjoiIn19@[\/et_pb_text][\/et_pb_column][\/et_pb_row][et_pb_row module_class=&#8221;generic-row&#8221; _builder_version=&#8221;4.5.2&#8243; custom_margin=&#8221;|auto|1px|auto||&#8221; custom_padding=&#8221;0px||0px|||&#8221;][et_pb_column type=&#8221;4_4&#8243; _builder_version=&#8221;4.4.9&#8243;][et_pb_text _builder_version=&#8221;4.7.0&#8243; header_4_line_height=&#8221;1.4em&#8221; max_width=&#8221;900px&#8221; custom_margin=&#8221;||1px|||&#8221;] Todas as suas informa\u00e7\u00f5es pessoais recolhidas, ser\u00e3o usadas para o ajudar [&hellip;]<\/p>\n","protected":false},"author":1,"featured_media":0,"parent":0,"menu_order":0,"comment_status":"closed","ping_status":"closed","template":"","meta":{"_et_pb_use_builder":"on","_et_pb_old_content":"<p>Lorem ipsum dolor sit amet, consectetur adipiscing elit, sed do eiusmod tempor incididunt ut labore et dolore magna aliqua. Ut enim ad minim veniam, quis nostrud exercitation ullamco laboris nisi ut aliquip ex ea commodo consequat. Duis aute irure dolor in reprehenderit in voluptate velit esse cillum dolore eu fugiat nulla pariatur. Excepteur sint occaecat cupidatat non proident, sunt in culpa qui officia deserunt mollit anim id est laborum.<\/p>","_et_gb_content_width":""},"_links":{"self":[{"href":"https:\/\/medwell.pt\/en\/wp-json\/wp\/v2\/pages\/5241"}],"collection":[{"href":"https:\/\/medwell.pt\/en\/wp-json\/wp\/v2\/pages"}],"about":[{"href":"https:\/\/medwell.pt\/en\/wp-json\/wp\/v2\/types\/page"}],"author":[{"embeddable":true,"href":"https:\/\/medwell.pt\/en\/wp-json\/wp\/v2\/users\/1"}],"replies":[{"embeddable":true,"href":"https:\/\/medwell.pt\/en\/wp-json\/wp\/v2\/comments?post=5241"}],"version-history":[{"count":3,"href":"https:\/\/medwell.pt\/en\/wp-json\/wp\/v2\/pages\/5241\/revisions"}],"predecessor-version":[{"id":5244,"href":"https:\/\/medwell.pt\/en\/wp-json\/wp\/v2\/pages\/5241\/revisions\/5244"}],"wp:attachment":[{"href":"https:\/\/medwell.pt\/en\/wp-json\/wp\/v2\/media?parent=5241"}],"curies":[{"name":"wp","href":"https:\/\/api.w.org\/{rel}","templated":true}]}}